{"id":829,"date":"2024-08-14T10:11:17","date_gmt":"2024-08-14T14:11:17","guid":{"rendered":"https:\/\/devserver.genpos.com\/?page_id=829"},"modified":"2024-09-23T10:09:05","modified_gmt":"2024-09-23T14:09:05","slug":"genpos","status":"publish","type":"page","link":"https:\/\/www.genpos.com\/en\/genpos\/","title":{"rendered":"GenPOS"},"content":{"rendered":"<div id=\"pl-829\"  class=\"panel-layout\" ><div id=\"pg-829-0\"  class=\"panel-grid panel-has-style\"  style=\"margin-bottom: 30px\" ><div class=\"siteorigin-panels-stretch panel-row-style panel-row-style-for-829-0\" style=\"padding: 0px 0px 0px 0px;\" data-stretch-type=\"full\" ><div id=\"pgc-829-0-0\"  class=\"panel-grid-cell\" ><div id=\"panel-829-0-0-0\" class=\"so-panel widget widget_sow-headline panel-first-child panel-last-child\" data-index=\"0\" style=\"margin: 0px 0px 0px 0px;\" ><div style=\"padding: 15px 0px 15px 0px;\" class=\"panel-widget-style panel-widget-style-for-829-0-0-0\" ><div\n\t\t\t\n\t\t\tclass=\"so-widget-sow-headline so-widget-sow-headline-default-1422bf5dfc07-829\"\n\t\t\t\n\t\t><div class=\"sow-headline-container\">\n\t\t\t\t\t\t\t<h1 class=\"sow-headline\">\n\t\t\t\t\t\tGenPOS\t\t\t\t\t\t<\/h1>\n\t\t\t\t\t\t\t\t\t\t\t<div class=\"decoration\">\n\t\t\t\t\t\t<div class=\"decoration-inside\"><\/div>\n\t\t\t\t\t<\/div>\n\t\t\t\t\t\t\t\t\t\t\t<h4 class=\"sow-sub-headline\">\n\t\t\t\t\t\tManufacturer-Distributor of POS hardware systems\t\t\t\t\t\t<\/h4>\n\t\t\t\t\t\t<\/div>\n<\/div><\/div><\/div><\/div><\/div><\/div><div id=\"pg-829-1\"  class=\"panel-grid panel-has-style\"  style=\"margin-bottom: 0px\" ><div class=\"siteorigin-panels-stretch panel-row-style panel-row-style-for-829-1\" style=\"padding: 0px 0px 0px 0px;\" data-stretch-type=\"full\" ><div id=\"pgc-829-1-0\"  class=\"panel-grid-cell panel-grid-cell-empty\" ><\/div><div id=\"pgc-829-1-1\"  class=\"panel-grid-cell panel-grid-cell-mobile-last\" ><div id=\"panel-829-1-1-0\" class=\"so-panel widget widget_sow-anything-carousel panel-first-child panel-last-child\" data-index=\"1\" style=\"margin: 0px 0px 0px 0px;\" ><div style=\"padding: 0px 0px 5px 0px;\" class=\"panel-widget-style panel-widget-style-for-829-1-1-0\" ><div\n\t\t\t\n\t\t\tclass=\"so-widget-sow-anything-carousel so-widget-sow-anything-carousel-base-8db10cf5a7dd-829\"\n\t\t\t\n\t\t><div class=\"sow-carousel-title\">\n\t<\/div>\n\n<div class=\"sow-carousel-container\">\n\t\t\t<div class=\"sow-carousel-navigation sow-carousel-navigation-prev\">\n\t\t\t\t\t\t<a href=\"#\" class=\"sow-carousel-previous\" title=\"Previous\" aria-label=\"Previous Posts\" role=\"button\"><\/a>\n\t\t\t\t\t<\/div>\n\t\t<div class=\"sow-carousel-wrapper\"\n\t\tdata-dir=\"ltr\"\n\t\tstyle=\"opacity: 0;\"\n\t\tdata-widget=\"anything\" data-item_count=\"14\" data-loop=\"\" data-carousel_settings=\"{&quot;loop&quot;:true,&quot;dots&quot;:true,&quot;animation&quot;:&quot;ease&quot;,&quot;animation_speed&quot;:400,&quot;autoplay&quot;:&quot;&quot;,&quot;pauseOnHover&quot;:&quot;&quot;,&quot;autoplaySpeed&quot;:8000,&quot;item_overflow&quot;:false,&quot;adaptive_height&quot;:&quot;&quot;,&quot;appendDots&quot;:false}\" data-responsive=\"{&quot;desktop_slides_to_scroll&quot;:3,&quot;tablet_landscape_breakpoint&quot;:1366,&quot;tablet_landscape_slides_to_scroll&quot;:3,&quot;tablet_portrait_breakpoint&quot;:1025,&quot;tablet_portrait_slides_to_scroll&quot;:2,&quot;mobile_breakpoint&quot;:480,&quot;mobile_slides_to_scroll&quot;:1,&quot;desktop_slides_to_show&quot;:3,&quot;tablet_landscape_slides_to_show&quot;:3,&quot;tablet_portrait_slides_to_show&quot;:2,&quot;mobile_slides_to_show&quot;:1}\" \t>\n\t\t<div\n\t\t\tclass=\"sow-carousel-items\"\n\t\t\t\t\t>\n\t\t\t\t<div class=\"sow-carousel-item\" tabindex=\"-1\">\n\t\t\n\t\t<div class=\"sow-carousel-content\">\n\t\t\t<p><strong>1998 - Foundation<\/strong><\/p>\n<p>On October 22, 1998, Info-LaSalle Inc. was founded, a PC systems production company, which a few years later became GenPOS, a manufacturer-distributor of point-of-sale systems.<\/p>\n\t\t<\/div>\n\t<\/div>\n\t\t<div class=\"sow-carousel-item\" tabindex=\"-1\">\n\t\t\n\t\t<div class=\"sow-carousel-content\">\n\t\t\t<p><strong>1999 to 2002 - Growth <\/strong><\/p>\n<p>The company is enjoying a period of active growth. This is an opportunity to acquire larger infrastructures and increase production capacities. During this period, GenPOS positions itself as a reseller-distributor of IT products, and reaches an increasingly POS-oriented clientele. GenPOS' product offering is diversifying in order to reach the POS market.<\/p>\n\t\t<\/div>\n\t<\/div>\n\t\t<div class=\"sow-carousel-item\" tabindex=\"-1\">\n\t\t\n\t\t<div class=\"sow-carousel-content\">\n\t\t\t<p><strong>2003 to 2004 - POS and Touchscreens<\/strong><\/p>\n<p>GenPOS becomes one of the leading distributors of touchscreen products in Canada, offering TTX Touchscreen and NEC Touchscreen products. NEC Touchscreen products are fully integrated into GenPOS' Montreal facilities. The R&amp;D team gets down to business and prepares a full range of POS products under the GenPOS banner.<\/p>\n\t\t<\/div>\n\t<\/div>\n\t\t<div class=\"sow-carousel-item\" tabindex=\"-1\">\n\t\t\n\t\t<div class=\"sow-carousel-content\">\n\t\t\t<p><strong>2005 to 2006 - POS all the way <\/strong><\/p>\n<p>GenPOS takes a POS turn with a diversified product line, including NEC touchscreens and GenPOS POS-oriented PC systems. The company becomes an important partner of the biggest names in the POS field in Canada.<\/p>\n\t\t<\/div>\n\t<\/div>\n\t\t<div class=\"sow-carousel-item\" tabindex=\"-1\">\n\t\t\n\t\t<div class=\"sow-carousel-content\">\n\t\t\t<p><strong>2007 - A Star is born<\/strong><\/p>\n<p>GenPOS launches the \u00c9CLIPSE\u2122 trademark, its new POS product banner. With \u00c9CLIPSE\u2122, GenPOS becomes a manufacturer-distributor of its own product line, and now offers 100% Canadian POS equipment solutions. Launch of the \u00c9CLIPSE\u2122 Kiosk, and \u00c9CLIPSE\u2122 CT150 all-in-one products.<\/p>\n\t\t<\/div>\n\t<\/div>\n\t\t<div class=\"sow-carousel-item\" tabindex=\"-1\">\n\t\t\n\t\t<div class=\"sow-carousel-content\">\n\t\t\t<p><strong>2008 to 2009 - Eclipse\u2122 Growth<\/strong><\/p>\n<p>The \u00c9CLIPSE\u2122 banner occupies an important place in the POS market in Canada. The arrival of the new \u00c9clipse\u2122 1500C concept, with standard components, is a major innovation on the market. This different approach ensures the sustainability of POS equipment by allowing simple and rapid updates of the equipment.<\/p>\n\t\t<\/div>\n\t<\/div>\n\t\t<div class=\"sow-carousel-item\" tabindex=\"-1\">\n\t\t\n\t\t<div class=\"sow-carousel-content\">\n\t\t\t<p><strong>2010 to 2011 - QC SRM and USA<\/strong><\/p>\n<p>GenPOS introduces a brand new range of touch systems with PCT \"all-glass\" technology, which offers resistance never seen before to touch screens. In Quebec, the arrival of MEV is transforming the POS industry and GenPOS is ensuring that it offers products that are fully prepared to meet the new demand. The \u00c9CLIPSE\u2122 product line is complete: All-in-one, touch screens, barcode reader, receipt printers, cash drawer, customer displays, PC POS system, and more. GenPOS begins its expansion into the American market.<\/p>\n\t\t<\/div>\n\t<\/div>\n\t\t<div class=\"sow-carousel-item\" tabindex=\"-1\">\n\t\t\n\t\t<div class=\"sow-carousel-content\">\n\t\t\t<p><strong>2012 to 2013 - USA and Innovation<\/strong><\/p>\n<p>The company joins the ranks of the RSPA (Retails Solutions Provider's Association), an organization dedicated to improving the POS market in Canada and the United States. GenPOS participates in several major events such as RetailNOW, the NRF in New York, and the NRA in Chicago.<\/p>\n<p>GenPOS launched the first FANLESS Core i5 device in 2013! A major innovation in POS, which would not be reproduced until years later by competitors.<\/p>\n\t\t<\/div>\n\t<\/div>\n\t\t<div class=\"sow-carousel-item\" tabindex=\"-1\">\n\t\t\n\t\t<div class=\"sow-carousel-content\">\n\t\t\t<p><strong>2014 - QC 2nd SRM and USA<\/strong><\/p>\n<p>The year 2014 marks a significant advance for GenPOS with a breakthrough in the American market and the growth of its network of authorized \u00c9CLIPSE\u2122 resellers. In Quebec, the arrival of a 2nd MEV, for the bar industry this time, offers opportunities to GenPOS which launches a new innovation: The FLAIR system. This new avant-garde concept combines beverage control systems AND POS in a single device! The ingenuity of GenPOS, once again, brings renewal to the POS industry.<\/p>\n\t\t<\/div>\n\t<\/div>\n\t\t<div class=\"sow-carousel-item\" tabindex=\"-1\">\n\t\t\n\t\t<div class=\"sow-carousel-content\">\n\t\t\t<p><strong>2015 to 2016 - New Partners<\/strong><\/p>\n<p>The years 2015 and 2016 brought GenPOS continued growth, allowing the company to stand out and become the exclusive distributor in Canada of Champtek HPRT printers and Scantech ID barcode readers. In addition, the \u00c9CLIPSE\u2122 product line continued to grow with the arrival of the PF1500Z, an AIO with PCT technology.<\/p>\n\t\t<\/div>\n\t<\/div>\n\t\t<div class=\"sow-carousel-item\" tabindex=\"-1\">\n\t\t\n\t\t<div class=\"sow-carousel-content\">\n\t\t\t<p><strong>2017 to 2019 - New POS Products<\/strong><\/p>\n<p>GenPOS is taking advantage of a period of stability and consolidation of its assets to launch some new products and refresh its range of all-in-one systems. The latest \u00c9CLIPSE\u2122 systems, the PF150C and PF150P with new generation processors, are now in the catalog. GenPOS is among the first to offer the J1900, and the J3455 later.<\/p>\n\t\t<\/div>\n\t<\/div>\n\t\t<div class=\"sow-carousel-item\" tabindex=\"-1\">\n\t\t\n\t\t<div class=\"sow-carousel-content\">\n\t\t\t<p><strong>2020 to 2021 - The pandemics years<\/strong><\/p>\n<p>The pandemic years and COVID-19 affect GenPOS like all businesses around the world. Thanks to its leading position in the POS market in Canada, GenPOS navigates the troubled waters of COVID in good health, and remains a major and important reference in POS throughout this period. When activities resume, GenPOS is there for its network of authorized \u00c9CLIPSE\u2122 resellers, and ensures the sustainability of the field.<\/p>\n\t\t<\/div>\n\t<\/div>\n\t\t<div class=\"sow-carousel-item\" tabindex=\"-1\">\n\t\t\n\t\t<div class=\"sow-carousel-content\">\n\t\t\t<p><strong>2022 - POS Mobility<\/strong><\/p>\n<p>GenPOS adds new products to its already extensive product line related to POS mobility. This is the arrival of POS tablets, and smaller format printers, at GenPOS.<\/p>\n\t\t<\/div>\n\t<\/div>\n\t\t<div class=\"sow-carousel-item\" tabindex=\"-1\">\n\t\t\n\t\t<div class=\"sow-carousel-content\">\n\t\t\t<p><strong>2023, 2024, and beyond<\/strong><\/p>\n<p>Still THE reference in POS in Canada, GenPOS continues to innovate by presenting two new product lines that join the \u00c9CLIPSE\u2122 product range: The NOVA and H\u00c9LIOS lines. With now three big names available on the POS market, GenPOS has solutions for all needs.<\/p>\n\t\t<\/div>\n\t<\/div>\n\t\t\t<\/div>\n\t\t\t<\/div>\n\n\t\t\t<div class=\"sow-carousel-navigation sow-carousel-navigation-next\">\n\t\t\t\t\t\t<a href=\"#\" class=\"sow-carousel-next\" title=\"Next\" aria-label=\"Next Posts\" role=\"button\"><\/a>\n\t\t\t\t\t<\/div>\n\t<\/div>\n<\/div><\/div><\/div><\/div><div id=\"pgc-829-1-2\"  class=\"panel-grid-cell panel-grid-cell-empty\" ><\/div><\/div><\/div><div id=\"pg-829-2\"  class=\"panel-grid panel-has-style\"  style=\"margin-bottom: 0px\" ><div class=\"siteorigin-panels-stretch panel-row-style panel-row-style-for-829-2\" style=\"padding: 40px 0px 20px 0px;\" data-stretch-type=\"full\" ><div id=\"pgc-829-2-0\"  class=\"panel-grid-cell panel-grid-cell-empty\" ><\/div><div id=\"pgc-829-2-1\"  class=\"panel-grid-cell\" ><div class=\"panel-cell-style panel-cell-style-for-829-2-1\" ><div id=\"panel-829-2-1-0\" class=\"so-panel widget widget_sow-hero panel-first-child panel-last-child\" data-index=\"2\" style=\"margin: 0px 0px 0px 0px;\" ><div style=\"padding: 0px 0px 0px 0px;\" class=\"panel-widget-style panel-widget-style-for-829-2-1-0\" ><div\n\t\t\t\n\t\t\tclass=\"so-widget-sow-hero so-widget-sow-hero-default-2e4635958490-829 so-widget-fittext-wrapper\"\n\t\t\t data-fit-text-compressor=\"0.85\"\n\t\t>\t\t\t\t<div class=\"sow-slider-base\" style=\"display: none\" tabindex=\"0\">\n\t\t\t\t\t<ul\n\t\t\t\t\tclass=\"sow-slider-images\"\n\t\t\t\t\tdata-settings=\"{&quot;pagination&quot;:true,&quot;speed&quot;:400,&quot;timeout&quot;:8000,&quot;paused&quot;:false,&quot;pause_on_hover&quot;:false,&quot;swipe&quot;:true,&quot;nav_always_show_desktop&quot;:&quot;&quot;,&quot;nav_always_show_mobile&quot;:&quot;&quot;,&quot;breakpoint&quot;:&quot;780px&quot;,&quot;unmute&quot;:false,&quot;anchor&quot;:null}\"\n\t\t\t\t\tstyle=\"min-height: 420px\"\t\t\t\t\tdata-anchor-id=\"\"\n\t\t\t\t>\t\t<li class=\"sow-slider-image\" style=\"visibility: visible;;background-color: rgba(0,0,0,0.01)\" >\n\t\t\t\t\t<div class=\"sow-slider-image-container\">\n\t\t\t<div class=\"sow-slider-image-wrapper\">\n\t\t\t\t<h2 style=\"text-align: center\">Why GenPOS<\/h2>\n\n<hr \/>\n<p style=\"text-align: justify\">GenPOS is based on core principles such as: The overall value of our products and exceeding market standards and expectations. We offer top quality products, while building a relationship of trust with our resellers whom we consider as our business partners. Our commitment to quality leads us to constantly seek to improve our processes. Our goal is to help you acquire superior quality equipment, while helping you reduce your costs.<\/p>\n<strong>Your satisfaction is important to us.<\/strong>\t\t\t<\/div>\n\t\t<\/div>\n\t\t\t\t<\/li>\n\t\t<\/ul>\t\t\t\t<ol class=\"sow-slider-pagination\">\n\t\t\t\t\t\t\t\t\t\t\t<li><a href=\"#\" data-goto=\"0\" aria-label=\"Display slide 1\"><\/a><\/li>\n\t\t\t\t\t\t\t\t\t<\/ol>\n\n\t\t\t\t<div class=\"sow-slide-nav sow-slide-nav-next\">\n\t\t\t\t\t<a href=\"#\" data-goto=\"next\" aria-label=\"Next slide\" data-action=\"next\">\n\t\t\t\t\t\t<em class=\"sow-sld-icon-thin-right\"><\/em>\n\t\t\t\t\t<\/a>\n\t\t\t\t<\/div>\n\n\t\t\t\t<div class=\"sow-slide-nav sow-slide-nav-prev\">\n\t\t\t\t\t<a href=\"#\" data-goto=\"previous\" aria-label=\"Previous slide\" data-action=\"prev\">\n\t\t\t\t\t\t<em class=\"sow-sld-icon-thin-left\"><\/em>\n\t\t\t\t\t<\/a>\n\t\t\t\t<\/div>\n\t\t\t\t<\/div><\/div><\/div><\/div><\/div><\/div><div id=\"pgc-829-2-2\"  class=\"panel-grid-cell panel-grid-cell-mobile-last\" ><div class=\"panel-cell-style panel-cell-style-for-829-2-2\" ><div id=\"panel-829-2-2-0\" class=\"so-panel widget widget_sow-hero panel-first-child panel-last-child\" data-index=\"3\" style=\"margin: 0px 0px 0px 0px;\" ><div style=\"padding: 0px 0px 0px 0px;\" class=\"panel-widget-style panel-widget-style-for-829-2-2-0\" ><div\n\t\t\t\n\t\t\tclass=\"so-widget-sow-hero so-widget-sow-hero-default-2e4635958490-829 so-widget-fittext-wrapper\"\n\t\t\t data-fit-text-compressor=\"0.85\"\n\t\t>\t\t\t\t<div class=\"sow-slider-base\" style=\"display: none\" tabindex=\"0\">\n\t\t\t\t\t<ul\n\t\t\t\t\tclass=\"sow-slider-images\"\n\t\t\t\t\tdata-settings=\"{&quot;pagination&quot;:true,&quot;speed&quot;:400,&quot;timeout&quot;:8000,&quot;paused&quot;:false,&quot;pause_on_hover&quot;:false,&quot;swipe&quot;:true,&quot;nav_always_show_desktop&quot;:&quot;&quot;,&quot;nav_always_show_mobile&quot;:&quot;&quot;,&quot;breakpoint&quot;:&quot;780px&quot;,&quot;unmute&quot;:false,&quot;anchor&quot;:null}\"\n\t\t\t\t\tstyle=\"min-height: 420px\"\t\t\t\t\tdata-anchor-id=\"\"\n\t\t\t\t>\t\t<li class=\"sow-slider-image\" style=\"visibility: visible;;background-color: rgba(0,0,0,0.01)\" >\n\t\t\t\t\t<div class=\"sow-slider-image-container\">\n\t\t\t<div class=\"sow-slider-image-wrapper\">\n\t\t\t\t<h2 style=\"text-align: center\">Who we are<\/h2>\n\n<hr \/>\n<p style=\"text-align: justify\">In business since 1990, GenPOS is a leader in the point of sale equipment market. Quality and service are our priorities and our customers recognize our constant motivation to innovate and maintain our high level of expertise. Year after year, GenPOS remains a market leader and a manufacturer \/ distributor offering superior products and solutions.<\/p>\t\t\t<\/div>\n\t\t<\/div>\n\t\t\t\t<\/li>\n\t\t<\/ul>\t\t\t\t<ol class=\"sow-slider-pagination\">\n\t\t\t\t\t\t\t\t\t\t\t<li><a href=\"#\" data-goto=\"0\" aria-label=\"Display slide 1\"><\/a><\/li>\n\t\t\t\t\t\t\t\t\t<\/ol>\n\n\t\t\t\t<div class=\"sow-slide-nav sow-slide-nav-next\">\n\t\t\t\t\t<a href=\"#\" data-goto=\"next\" aria-label=\"Next slide\" data-action=\"next\">\n\t\t\t\t\t\t<em class=\"sow-sld-icon-thin-right\"><\/em>\n\t\t\t\t\t<\/a>\n\t\t\t\t<\/div>\n\n\t\t\t\t<div class=\"sow-slide-nav sow-slide-nav-prev\">\n\t\t\t\t\t<a href=\"#\" data-goto=\"previous\" aria-label=\"Previous slide\" data-action=\"prev\">\n\t\t\t\t\t\t<em class=\"sow-sld-icon-thin-left\"><\/em>\n\t\t\t\t\t<\/a>\n\t\t\t\t<\/div>\n\t\t\t\t<\/div><\/div><\/div><\/div><\/div><\/div><div id=\"pgc-829-2-3\"  class=\"panel-grid-cell panel-grid-cell-empty\" ><\/div><\/div><\/div><div id=\"pg-829-3\"  class=\"panel-grid panel-has-style\"  style=\"margin-bottom: 0px\" ><div class=\"siteorigin-panels-stretch panel-row-style panel-row-style-for-829-3\" style=\"padding: 10px 0px 30px 0px;\" data-stretch-type=\"full\" ><div id=\"pgc-829-3-0\"  class=\"panel-grid-cell panel-grid-cell-empty\" ><\/div><div id=\"pgc-829-3-1\"  class=\"panel-grid-cell\" ><div id=\"panel-829-3-1-0\" class=\"so-panel widget widget_sow-hero panel-first-child panel-last-child\" data-index=\"4\" style=\"margin: 0px 0px 0px 0px;\" ><div style=\"padding: 0px 0px 0px 0px;\" class=\"panel-widget-style panel-widget-style-for-829-3-1-0\" ><div\n\t\t\t\n\t\t\tclass=\"so-widget-sow-hero so-widget-sow-hero-default-2e4635958490-829 so-widget-fittext-wrapper\"\n\t\t\t data-fit-text-compressor=\"0.85\"\n\t\t>\t\t\t\t<div class=\"sow-slider-base\" style=\"display: none\" tabindex=\"0\">\n\t\t\t\t\t<ul\n\t\t\t\t\tclass=\"sow-slider-images\"\n\t\t\t\t\tdata-settings=\"{&quot;pagination&quot;:true,&quot;speed&quot;:400,&quot;timeout&quot;:8000,&quot;paused&quot;:false,&quot;pause_on_hover&quot;:false,&quot;swipe&quot;:true,&quot;nav_always_show_desktop&quot;:&quot;&quot;,&quot;nav_always_show_mobile&quot;:&quot;&quot;,&quot;breakpoint&quot;:&quot;780px&quot;,&quot;unmute&quot;:false,&quot;anchor&quot;:null}\"\n\t\t\t\t\tstyle=\"min-height: 420px\"\t\t\t\t\tdata-anchor-id=\"\"\n\t\t\t\t>\t\t<li class=\"sow-slider-image\" style=\"visibility: visible;;background-color: rgba(0,0,0,0.01)\" >\n\t\t\t\t\t<div class=\"sow-slider-image-container\">\n\t\t\t<div class=\"sow-slider-image-wrapper\">\n\t\t\t\t<h2 style=\"text-align: center\">Our Mission<\/h2>\n\n<hr \/>\n<p style=\"text-align: justify\">Take the time to simplify your life. Manufacturer and distributor in the point-of-sale field, we constantly aim to offer superior quality equipment at exceptional prices! Our versatile and multi-skilled team knows how to adapt to all situations. At GenPOS, no problem: Only solutions!<\/p>\t\t\t<\/div>\n\t\t<\/div>\n\t\t\t\t<\/li>\n\t\t<\/ul>\t\t\t\t<ol class=\"sow-slider-pagination\">\n\t\t\t\t\t\t\t\t\t\t\t<li><a href=\"#\" data-goto=\"0\" aria-label=\"Display slide 1\"><\/a><\/li>\n\t\t\t\t\t\t\t\t\t<\/ol>\n\n\t\t\t\t<div class=\"sow-slide-nav sow-slide-nav-next\">\n\t\t\t\t\t<a href=\"#\" data-goto=\"next\" aria-label=\"Next slide\" data-action=\"next\">\n\t\t\t\t\t\t<em class=\"sow-sld-icon-thin-right\"><\/em>\n\t\t\t\t\t<\/a>\n\t\t\t\t<\/div>\n\n\t\t\t\t<div class=\"sow-slide-nav sow-slide-nav-prev\">\n\t\t\t\t\t<a href=\"#\" data-goto=\"previous\" aria-label=\"Previous slide\" data-action=\"prev\">\n\t\t\t\t\t\t<em class=\"sow-sld-icon-thin-left\"><\/em>\n\t\t\t\t\t<\/a>\n\t\t\t\t<\/div>\n\t\t\t\t<\/div><\/div><\/div><\/div><\/div><div id=\"pgc-829-3-2\"  class=\"panel-grid-cell panel-grid-cell-mobile-last\" ><div id=\"panel-829-3-2-0\" class=\"so-panel widget widget_sow-hero panel-first-child panel-last-child\" data-index=\"5\" style=\"margin: 0px 0px 0px 0px;\" ><div style=\"padding: 0px 0px 0px 0px;\" class=\"panel-widget-style panel-widget-style-for-829-3-2-0\" ><div\n\t\t\t\n\t\t\tclass=\"so-widget-sow-hero so-widget-sow-hero-default-2e4635958490-829 so-widget-fittext-wrapper\"\n\t\t\t data-fit-text-compressor=\"0.85\"\n\t\t>\t\t\t\t<div class=\"sow-slider-base\" style=\"display: none\" tabindex=\"0\">\n\t\t\t\t\t<ul\n\t\t\t\t\tclass=\"sow-slider-images\"\n\t\t\t\t\tdata-settings=\"{&quot;pagination&quot;:true,&quot;speed&quot;:400,&quot;timeout&quot;:8000,&quot;paused&quot;:false,&quot;pause_on_hover&quot;:false,&quot;swipe&quot;:true,&quot;nav_always_show_desktop&quot;:&quot;&quot;,&quot;nav_always_show_mobile&quot;:&quot;&quot;,&quot;breakpoint&quot;:&quot;780px&quot;,&quot;unmute&quot;:false,&quot;anchor&quot;:null}\"\n\t\t\t\t\tstyle=\"min-height: 420px\"\t\t\t\t\tdata-anchor-id=\"\"\n\t\t\t\t>\t\t<li class=\"sow-slider-image\" style=\"visibility: visible;;background-color: rgba(0,0,0,0.01)\" >\n\t\t\t\t\t<div class=\"sow-slider-image-container\">\n\t\t\t<div class=\"sow-slider-image-wrapper\">\n\t\t\t\t<h2 style=\"text-align: center\">Our Vision<\/h2>\n\n<hr \/>\n<p style=\"text-align: center\"><strong>We are committed to increasing our status as an industry leader!<\/strong><\/p>\n<p style=\"text-align: justify\">By constantly developing and expanding our dealer network, we are also committed to growing brand recognition for Eclipse\u2122 products, while helping our partners become more profitable.<\/p>\t\t\t<\/div>\n\t\t<\/div>\n\t\t\t\t<\/li>\n\t\t<\/ul>\t\t\t\t<ol class=\"sow-slider-pagination\">\n\t\t\t\t\t\t\t\t\t\t\t<li><a href=\"#\" data-goto=\"0\" aria-label=\"Display slide 1\"><\/a><\/li>\n\t\t\t\t\t\t\t\t\t<\/ol>\n\n\t\t\t\t<div class=\"sow-slide-nav sow-slide-nav-next\">\n\t\t\t\t\t<a href=\"#\" data-goto=\"next\" aria-label=\"Next slide\" data-action=\"next\">\n\t\t\t\t\t\t<em class=\"sow-sld-icon-thin-right\"><\/em>\n\t\t\t\t\t<\/a>\n\t\t\t\t<\/div>\n\n\t\t\t\t<div class=\"sow-slide-nav sow-slide-nav-prev\">\n\t\t\t\t\t<a href=\"#\" data-goto=\"previous\" aria-label=\"Previous slide\" data-action=\"prev\">\n\t\t\t\t\t\t<em class=\"sow-sld-icon-thin-left\"><\/em>\n\t\t\t\t\t<\/a>\n\t\t\t\t<\/div>\n\t\t\t\t<\/div><\/div><\/div><\/div><\/div><div id=\"pgc-829-3-3\"  class=\"panel-grid-cell panel-grid-cell-empty\" ><\/div><\/div><\/div><\/div>","protected":false},"excerpt":{"rendered":"<p>GenPOS Distributeur-Manufacturier d&rsquo;\u00e9quipements de Point-de-Vente 1998 &#8211; Fondation Le 22 Octobre 1998 est fond\u00e9 Info-LaSalle Inc., entreprise de production de syst\u00e8mes PC, qui deviendra quelques ann\u00e9es plus tard GenPOS, manufacturier-distributeur de syst\u00e8mes de point-de-vente. 1999 \u00e0 2002 &#8211; Croissance L&rsquo;entreprise b\u00e9n\u00e9ficie d&rsquo;une p\u00e9riode de croissance active. C&rsquo;est l&rsquo;occasion pour acqu\u00e9rir de plus grandes infrastructures, et [&hellip;]<\/p>\n","protected":false},"author":1,"featured_media":0,"parent":0,"menu_order":0,"comment_status":"closed","ping_status":"closed","template":"","meta":{"footnotes":""},"class_list":["post-829","page","type-page","status-publish","hentry","post"],"_links":{"self":[{"href":"https:\/\/www.genpos.com\/en\/wp-json\/wp\/v2\/pages\/829","targetHints":{"allow":["GET"]}}],"collection":[{"href":"https:\/\/www.genpos.com\/en\/wp-json\/wp\/v2\/pages"}],"about":[{"href":"https:\/\/www.genpos.com\/en\/wp-json\/wp\/v2\/types\/page"}],"author":[{"embeddable":true,"href":"https:\/\/www.genpos.com\/en\/wp-json\/wp\/v2\/users\/1"}],"replies":[{"embeddable":true,"href":"https:\/\/www.genpos.com\/en\/wp-json\/wp\/v2\/comments?post=829"}],"version-history":[{"count":0,"href":"https:\/\/www.genpos.com\/en\/wp-json\/wp\/v2\/pages\/829\/revisions"}],"wp:attachment":[{"href":"https:\/\/www.genpos.com\/en\/wp-json\/wp\/v2\/media?parent=829"}],"curies":[{"name":"wp","href":"https:\/\/api.w.org\/{rel}","templated":true}]}}