{"id":1403,"date":"2024-08-23T10:12:51","date_gmt":"2024-08-23T14:12:51","guid":{"rendered":"https:\/\/devserver.genpos.com\/?page_id=1403"},"modified":"2024-09-13T14:17:32","modified_gmt":"2024-09-13T18:17:32","slug":"systemes-pc","status":"publish","type":"page","link":"https:\/\/www.genpos.com\/en\/systemes-pc\/","title":{"rendered":"Syst\u00e8mes PC"},"content":{"rendered":"<div id=\"pl-1403\"  class=\"panel-layout\" ><div id=\"pg-1403-0\"  class=\"panel-grid panel-has-style\"  style=\"margin-bottom: 40px\" ><div class=\"siteorigin-panels-stretch panel-row-style panel-row-style-for-1403-0\" style=\"padding: 40px 0px 0px 0px;\" data-stretch-type=\"full\" ><div id=\"pgc-1403-0-0\"  class=\"panel-grid-cell\" ><div id=\"panel-1403-0-0-0\" class=\"so-panel widget widget_sow-headline panel-first-child panel-last-child\" data-index=\"0\" ><div style=\"padding: 20px 20px 20px 20px;\" class=\"panel-widget-style panel-widget-style-for-1403-0-0-0\" ><div\n\t\t\t\n\t\t\tclass=\"so-widget-sow-headline so-widget-sow-headline-default-314233ddc9c6-1403\"\n\t\t\t\n\t\t><div class=\"sow-headline-container\">\n\t\t\t\t\t\t\t<h1 class=\"sow-headline\">\n\t\t\t\t\t\tPC PC Systems\t\t\t\t\t\t<\/h1>\n\t\t\t\t\t\t\t\t\t\t\t<div class=\"decoration\">\n\t\t\t\t\t\t<div class=\"decoration-inside\"><\/div>\n\t\t\t\t\t<\/div>\n\t\t\t\t\t\t\t\t\t\t\t<h3 class=\"sow-sub-headline\">\n\t\t\t\t\t\tSlimPOS, Mini-tower &amp; Servers\t\t\t\t\t\t<\/h3>\n\t\t\t\t\t\t<\/div>\n<\/div><\/div><\/div><\/div><\/div><\/div><div id=\"pg-1403-1\"  class=\"panel-grid panel-has-style\"  style=\"margin-bottom: 0px\" ><div class=\"siteorigin-panels-stretch panel-row-style panel-row-style-for-1403-1\" style=\"padding: 10px 0px 10px 0px;\" data-stretch-type=\"full\" ><div id=\"pgc-1403-1-0\"  class=\"panel-grid-cell panel-grid-cell-empty\" ><\/div><div id=\"pgc-1403-1-1\"  class=\"panel-grid-cell panel-grid-cell-mobile-last\" ><div id=\"panel-1403-1-1-0\" class=\"so-panel widget widget_sow-headline panel-first-child panel-last-child\" data-index=\"1\" ><div\n\t\t\t\n\t\t\tclass=\"so-widget-sow-headline so-widget-sow-headline-default-411891c5b376-1403\"\n\t\t\t\n\t\t><div class=\"sow-headline-container\">\n\t\t\t\t\t\t\t<h2 class=\"sow-headline\">\n\t\t\t\t\t\tSpecifications\t\t\t\t\t\t<\/h2>\n\t\t\t\t\t\t\t\t\t\t\t<div class=\"decoration\">\n\t\t\t\t\t\t<div class=\"decoration-inside\"><\/div>\n\t\t\t\t\t<\/div>\n\t\t\t\t\t\t\t\t\t\t\t<h4 class=\"sow-sub-headline\">\n\t\t\t\t\t\tThree types of systems available, each with three configuration options\t\t\t\t\t\t<\/h4>\n\t\t\t\t\t\t<\/div>\n<\/div><\/div><\/div><div id=\"pgc-1403-1-2\"  class=\"panel-grid-cell panel-grid-cell-empty\" ><\/div><\/div><\/div><div id=\"pg-1403-2\"  class=\"panel-grid panel-has-style\"  style=\"margin-bottom: 0px\" ><div class=\"siteorigin-panels-stretch panel-row-style panel-row-style-for-1403-2\" style=\"padding: 80px 0px 0px 0px;\" data-stretch-type=\"full\" ><div id=\"pgc-1403-2-0\"  class=\"panel-grid-cell panel-grid-cell-empty\" ><\/div><div id=\"pgc-1403-2-1\"  class=\"panel-grid-cell\" ><div id=\"panel-1403-2-1-0\" class=\"so-panel widget widget_sow-image panel-first-child\" data-index=\"2\" style=\"margin-bottom: 30px\" ><div\n\t\t\t\n\t\t\tclass=\"so-widget-sow-image so-widget-sow-image-default-8b5b6f678277-1403\"\n\t\t\t\n\t\t>\n<div class=\"sow-image-container\">\n\t\t<img \n\tsrc=\"https:\/\/www.genpos.com\/wp-content\/uploads\/SlimPOS-2.webp\" width=\"300\" height=\"300\" srcset=\"https:\/\/www.genpos.com\/wp-content\/uploads\/SlimPOS-2.webp 300w, https:\/\/www.genpos.com\/wp-content\/uploads\/SlimPOS-2-150x150.webp 150w\" sizes=\"(max-width: 300px) 100vw, 300px\" alt=\"\" \t\tclass=\"so-widget-image\"\/>\n\t<\/div>\n\n<\/div><\/div><div id=\"panel-1403-2-1-1\" class=\"so-panel widget widget_sow-headline panel-last-child\" data-index=\"3\" ><div style=\"padding: 10px 0px 10px 0px;\" class=\"panel-widget-style panel-widget-style-for-1403-2-1-1\" ><div\n\t\t\t\n\t\t\tclass=\"so-widget-sow-headline so-widget-sow-headline-default-dd64ee6b185a-1403\"\n\t\t\t\n\t\t><div class=\"sow-headline-container\">\n\t\t\t\t\t\t\t<h3 class=\"sow-sub-headline\">\n\t\t\t\t\t\tSmall and classic\t\t\t\t\t\t<\/h3>\n\t\t\t\t\t\t\t\t\t\t\t<div class=\"decoration\">\n\t\t\t\t\t\t<div class=\"decoration-inside\"><\/div>\n\t\t\t\t\t<\/div>\n\t\t\t\t\t\t\t\t\t\t\t<h3 class=\"sow-headline\">\n\t\t\t\t\t\tSlimPOS\t\t\t\t\t\t<\/h3>\n\t\t\t\t\t\t<\/div>\n<\/div><\/div><\/div><\/div><div id=\"pgc-1403-2-2\"  class=\"panel-grid-cell panel-grid-cell-empty\" ><\/div><div id=\"pgc-1403-2-3\"  class=\"panel-grid-cell\" ><div id=\"panel-1403-2-3-0\" class=\"so-panel widget widget_sow-image panel-first-child\" data-index=\"4\" style=\"margin-bottom: 30px\" ><div\n\t\t\t\n\t\t\tclass=\"so-widget-sow-image so-widget-sow-image-default-8b5b6f678277-1403\"\n\t\t\t\n\t\t>\n<div class=\"sow-image-container\">\n\t\t<img \n\tsrc=\"https:\/\/www.genpos.com\/wp-content\/uploads\/PC-minitour.webp\" width=\"300\" height=\"300\" srcset=\"https:\/\/www.genpos.com\/wp-content\/uploads\/PC-minitour.webp 300w, https:\/\/www.genpos.com\/wp-content\/uploads\/PC-minitour-150x150.webp 150w\" sizes=\"(max-width: 300px) 100vw, 300px\" alt=\"\" \t\tclass=\"so-widget-image\"\/>\n\t<\/div>\n\n<\/div><\/div><div id=\"panel-1403-2-3-1\" class=\"so-panel widget widget_sow-headline panel-last-child\" data-index=\"5\" ><div style=\"padding: 10px 0px 10px 0px;\" class=\"panel-widget-style panel-widget-style-for-1403-2-3-1\" ><div\n\t\t\t\n\t\t\tclass=\"so-widget-sow-headline so-widget-sow-headline-default-dd64ee6b185a-1403\"\n\t\t\t\n\t\t><div class=\"sow-headline-container\">\n\t\t\t\t\t\t\t<h3 class=\"sow-sub-headline\">\n\t\t\t\t\t\tThe POS PC for all your needs\t\t\t\t\t\t<\/h3>\n\t\t\t\t\t\t\t\t\t\t\t<div class=\"decoration\">\n\t\t\t\t\t\t<div class=\"decoration-inside\"><\/div>\n\t\t\t\t\t<\/div>\n\t\t\t\t\t\t\t\t\t\t\t<h3 class=\"sow-headline\">\n\t\t\t\t\t\tStation POS PC\t\t\t\t\t\t<\/h3>\n\t\t\t\t\t\t<\/div>\n<\/div><\/div><\/div><\/div><div id=\"pgc-1403-2-4\"  class=\"panel-grid-cell panel-grid-cell-empty\" ><\/div><div id=\"pgc-1403-2-5\"  class=\"panel-grid-cell panel-grid-cell-mobile-last\" ><div id=\"panel-1403-2-5-0\" class=\"so-panel widget widget_sow-image panel-first-child\" data-index=\"6\" style=\"margin-bottom: 30px\" ><div\n\t\t\t\n\t\t\tclass=\"so-widget-sow-image so-widget-sow-image-default-8b5b6f678277-1403\"\n\t\t\t\n\t\t>\n<div class=\"sow-image-container\">\n\t\t<img \n\tsrc=\"https:\/\/www.genpos.com\/wp-content\/uploads\/PC-Serveur.webp\" width=\"300\" height=\"300\" srcset=\"https:\/\/www.genpos.com\/wp-content\/uploads\/PC-Serveur.webp 300w, https:\/\/www.genpos.com\/wp-content\/uploads\/PC-Serveur-150x150.webp 150w\" sizes=\"(max-width: 300px) 100vw, 300px\" alt=\"\" \t\tclass=\"so-widget-image\"\/>\n\t<\/div>\n\n<\/div><\/div><div id=\"panel-1403-2-5-1\" class=\"so-panel widget widget_sow-headline panel-last-child\" data-index=\"7\" ><div style=\"padding: 10px 0px 10px 0px;\" class=\"panel-widget-style panel-widget-style-for-1403-2-5-1\" ><div\n\t\t\t\n\t\t\tclass=\"so-widget-sow-headline so-widget-sow-headline-default-dd64ee6b185a-1403\"\n\t\t\t\n\t\t><div class=\"sow-headline-container\">\n\t\t\t\t\t\t\t<h3 class=\"sow-sub-headline\">\n\t\t\t\t\t\tIdeal for the \"back-office\" as a central server\t\t\t\t\t\t<\/h3>\n\t\t\t\t\t\t\t\t\t\t\t<div class=\"decoration\">\n\t\t\t\t\t\t<div class=\"decoration-inside\"><\/div>\n\t\t\t\t\t<\/div>\n\t\t\t\t\t\t\t\t\t\t\t<h3 class=\"sow-headline\">\n\t\t\t\t\t\tServer PC\t\t\t\t\t\t<\/h3>\n\t\t\t\t\t\t<\/div>\n<\/div><\/div><\/div><\/div><div id=\"pgc-1403-2-6\"  class=\"panel-grid-cell panel-grid-cell-empty\" ><\/div><\/div><\/div><div id=\"pg-1403-3\"  class=\"panel-grid panel-has-style\"  style=\"margin-bottom: 30px\" ><div class=\"siteorigin-panels-stretch panel-row-style panel-row-style-for-1403-3\" style=\"padding: 80px 0px 50px 0px;\" data-stretch-type=\"full\" ><div id=\"pgc-1403-3-0\"  class=\"panel-grid-cell panel-grid-cell-empty\" ><\/div><div id=\"pgc-1403-3-1\"  class=\"panel-grid-cell panel-grid-cell-mobile-last\" ><div id=\"panel-1403-3-1-0\" class=\"so-panel widget widget_sow-features panel-first-child panel-last-child\" data-index=\"8\" ><div\n\t\t\t\n\t\t\tclass=\"so-widget-sow-features so-widget-sow-features-default-eb4f4944f37d-1403\"\n\t\t\t\n\t\t><ul\n\tclass=\"sow-features-list\tsow-features-responsive\">\n\n\t\t\t<li\n\t\t\tclass=\"sow-features-feature sow-icon-container-position-top\"\n\t\t\tstyle=\"display: flex; flex-direction: column; width: calc(100% - 10px);\"\n\t\t>\n\t\t\t\n\t\t\t\t\t\t<div\t\t\t\tclass=\"sow-icon-container sow-container-rounded-square\"\n\t\t\t\tstyle=\"color: #404040; \"\n\t\t\t\t\n\t\t\t\t\t\t\t>\n\t\t\t\t<span class=\"sow-icon-fontawesome sow-fas\" data-sow-icon=\"&#xf2db;\"\n\t\tstyle=\"font-size: 36px; color: #fff\" \n\t\taria-hidden=\"true\"><\/span>\t\t\t<\/div>\n\n\t\t\t<div class=\"textwidget\">\n\t\t\t\t\n\t\t\t\t\t\t\t\t\t<h5 class=\"sow-features-feature-title\">\n\t\t\t\t\t\tIntel Core i3-12100, i5-12400, i7-12700\t\t\t\t\t<\/h5>\n\t\t\t\t\n\t\t\t\t\t\t\t<\/div>\n\t\t\t\t\t\t\t\t<\/li>\n\n\t\t\t<li\n\t\t\tclass=\"sow-features-feature sow-icon-container-position-top\"\n\t\t\tstyle=\"display: flex; flex-direction: column; width: calc(100% - 10px);\"\n\t\t>\n\t\t\t\n\t\t\t\t\t\t<div\t\t\t\tclass=\"sow-icon-container sow-container-rounded-square\"\n\t\t\t\tstyle=\"color: #404040; \"\n\t\t\t\t\n\t\t\t\t\t\t\t>\n\t\t\t\t<span class=\"sow-icon-fontawesome sow-fas\" data-sow-icon=\"&#xf538;\"\n\t\tstyle=\"font-size: 36px; color: #fff\" \n\t\taria-hidden=\"true\"><\/span>\t\t\t<\/div>\n\n\t\t\t<div class=\"textwidget\">\n\t\t\t\t\n\t\t\t\t\t\t\t\t\t<h5 class=\"sow-features-feature-title\">\n\t\t\t\t\t\tStandard 8Go memory (max. 32Go)\t\t\t\t\t<\/h5>\n\t\t\t\t\n\t\t\t\t\t\t\t<\/div>\n\t\t\t\t\t\t\t\t<\/li>\n\n\t\t\t<li\n\t\t\tclass=\"sow-features-feature sow-icon-container-position-top\"\n\t\t\tstyle=\"display: flex; flex-direction: column; width: calc(100% - 10px);\"\n\t\t>\n\t\t\t\n\t\t\t\t\t\t<div\t\t\t\tclass=\"sow-icon-container sow-container-rounded-square\"\n\t\t\t\tstyle=\"color: #404040; \"\n\t\t\t\t\n\t\t\t\t\t\t\t>\n\t\t\t\t<span class=\"sow-icon-fontawesome sow-fas\" data-sow-icon=\"&#xf0a0;\"\n\t\tstyle=\"font-size: 36px; color: #fff\" \n\t\taria-hidden=\"true\"><\/span>\t\t\t<\/div>\n\n\t\t\t<div class=\"textwidget\">\n\t\t\t\t\n\t\t\t\t\t\t\t\t\t<h5 class=\"sow-features-feature-title\">\n\t\t\t\t\t\tStandard 240Go SSD (other volumes available)\t\t\t\t\t<\/h5>\n\t\t\t\t\n\t\t\t\t\t\t\t<\/div>\n\t\t\t\t\t\t\t\t<\/li>\n\n\t\t\t<li\n\t\t\tclass=\"sow-features-feature sow-icon-container-position-top\"\n\t\t\tstyle=\"display: flex; flex-direction: column; width: calc(100% - 10px);\"\n\t\t>\n\t\t\t\n\t\t\t\t\t\t<div\t\t\t\tclass=\"sow-icon-container sow-container-rounded-square\"\n\t\t\t\tstyle=\"color: #404040; \"\n\t\t\t\t\n\t\t\t\t\t\t\t>\n\t\t\t\t<span class=\"sow-icon-fontawesome sow-fas\" data-sow-icon=\"&#xf35d;\"\n\t\tstyle=\"font-size: 36px; color: #fff\" \n\t\taria-hidden=\"true\"><\/span>\t\t\t<\/div>\n\n\t\t\t<div class=\"textwidget\">\n\t\t\t\t\n\t\t\t\t\t\t\t\t\t<h5 class=\"sow-features-feature-title\">\n\t\t\t\t\t\tPS2, 2x USB 3.0, 2x USB 2.0, 1x DB9 s\u00e9rie, 1x DP, 1x HDMI, 1x VGA, 1x RJ45 Gigabit, Audio, \t\t\t\t\t<\/h5>\n\t\t\t\t\n\t\t\t\t\t\t\t<\/div>\n\t\t\t\t\t\t\t\t<\/li>\n\n\t\t\t<li\n\t\t\tclass=\"sow-features-feature sow-icon-container-position-top\"\n\t\t\tstyle=\"display: flex; flex-direction: column; width: calc(100% - 10px);\"\n\t\t>\n\t\t\t\n\t\t\t\t\t\t<div\t\t\t\tclass=\"sow-icon-container sow-container-rounded-square\"\n\t\t\t\tstyle=\"color: #404040; \"\n\t\t\t\t\n\t\t\t\t\t\t\t>\n\t\t\t\t<span class=\"sow-icon-fontawesome sow-fab\" data-sow-icon=\"&#xf17a;\"\n\t\tstyle=\"font-size: 36px; color: #fff\" \n\t\taria-hidden=\"true\"><\/span>\t\t\t<\/div>\n\n\t\t\t<div class=\"textwidget\">\n\t\t\t\t\n\t\t\t\t\t\t\t\t\t<h5 class=\"sow-features-feature-title\">\n\t\t\t\t\t\tWin 10 Pro standard (Win 11 Pro available)\t\t\t\t\t<\/h5>\n\t\t\t\t\n\t\t\t\t\t\t\t<\/div>\n\t\t\t\t\t\t\t\t<\/li>\n\n\t<\/ul>\n<\/div><\/div><\/div><div id=\"pgc-1403-3-2\"  class=\"panel-grid-cell panel-grid-cell-empty\" ><\/div><\/div><\/div><div id=\"pg-1403-4\"  class=\"panel-grid panel-has-style\" ><div class=\"siteorigin-panels-stretch panel-row-style panel-row-style-for-1403-4\" data-stretch-type=\"full\" ><div id=\"pgc-1403-4-0\"  class=\"panel-grid-cell panel-grid-cell-empty\" ><\/div><div id=\"pgc-1403-4-1\"  class=\"panel-grid-cell panel-grid-cell-mobile-last\" ><div id=\"panel-1403-4-1-0\" class=\"so-panel widget widget_sow-cta panel-first-child panel-last-child\" data-index=\"9\" ><div style=\"padding: 0px 0px 20px 0px;\" class=\"panel-widget-style panel-widget-style-for-1403-4-1-0\" ><div\n\t\t\t\n\t\t\tclass=\"so-widget-sow-cta so-widget-sow-cta-default-0e5dad900876-1403\"\n\t\t\t\n\t\t><div\n\tclass=\"sow-cta-base\"\n\t>\n\t\n\t<div class=\"sow-cta-wrapper\">\n\n\t\t<div class=\"sow-cta-text\">\n\t\t\t\t\t\t\t<h3 class=\"sow-cta-title\">\n\t\t\t\t\tDrivers and specifications\t\t\t\t<\/h3>\n\t\t\t\n\t\t\t\t\t<\/div>\n\n\t\t<div\n\t\t\t\n\t\t\tclass=\"so-widget-sow-button so-widget-sow-button-flat-c00e3c92621e\"\n\t\t\t\n\t\t><div class=\"ow-button-base ow-button-align-center\"\n>\n\t\t\t<a\n\t\t\t\tclass=\"sowb-button ow-icon-placement-left ow-button-hover\" \t>\n\t\t<span>\n\t\t\t<span class=\"sow-icon-fontawesome sow-fas\" data-sow-icon=\"&#xf2a0;\"\n\t\tstyle=\"color: #ffffff\" \n\t\taria-hidden=\"true\"><\/span>\n\t\t\tPlease call\t\t<\/span>\n\t\t\t<\/a>\n\t<\/div>\n<\/div>\n\t<\/div>\n\n\t<\/div>\n<\/div><\/div><\/div><\/div><div id=\"pgc-1403-4-2\"  class=\"panel-grid-cell panel-grid-cell-empty\" ><\/div><\/div><\/div><\/div>","protected":false},"excerpt":{"rendered":"<p>Syst\u00e8mes PC pour le POS SlimPOS, Mini-tour et Serveurs Sp\u00e9cifications Trois types de syst\u00e8mes disponibles, chacun avec trois types de configuration Petit et \u00e9l\u00e9gant SlimPOS Le PC caisse pour tous vos besoins PC Caisse POS Id\u00e9al pour le \u00ab\u00a0back office\u00a0\u00bb et centraliser vos donn\u00e9es PC Serveur Intel Core i3-12100, i5-12400, i7-12700 M\u00e9moire standard 8Go (Max. [&hellip;]<\/p>\n","protected":false},"author":1,"featured_media":0,"parent":0,"menu_order":0,"comment_status":"closed","ping_status":"closed","template":"","meta":{"footnotes":""},"class_list":["post-1403","page","type-page","status-publish","hentry","post"],"_links":{"self":[{"href":"https:\/\/www.genpos.com\/en\/wp-json\/wp\/v2\/pages\/1403","targetHints":{"allow":["GET"]}}],"collection":[{"href":"https:\/\/www.genpos.com\/en\/wp-json\/wp\/v2\/pages"}],"about":[{"href":"https:\/\/www.genpos.com\/en\/wp-json\/wp\/v2\/types\/page"}],"author":[{"embeddable":true,"href":"https:\/\/www.genpos.com\/en\/wp-json\/wp\/v2\/users\/1"}],"replies":[{"embeddable":true,"href":"https:\/\/www.genpos.com\/en\/wp-json\/wp\/v2\/comments?post=1403"}],"version-history":[{"count":0,"href":"https:\/\/www.genpos.com\/en\/wp-json\/wp\/v2\/pages\/1403\/revisions"}],"wp:attachment":[{"href":"https:\/\/www.genpos.com\/en\/wp-json\/wp\/v2\/media?parent=1403"}],"curies":[{"name":"wp","href":"https:\/\/api.w.org\/{rel}","templated":true}]}}